{"id":681,"date":"2025-03-11T21:50:38","date_gmt":"2025-03-11T21:50:38","guid":{"rendered":"https:\/\/www.silviastaneva.com\/index.php\/about\/"},"modified":"2025-12-17T16:10:42","modified_gmt":"2025-12-17T16:10:42","slug":"about","status":"publish","type":"page","link":"https:\/\/www.silviastaneva.com\/index.php\/about\/","title":{"rendered":"About"},"content":{"rendered":"\t\t<div data-elementor-type=\"wp-page\" data-elementor-id=\"681\" class=\"elementor elementor-681\" data-elementor-post-type=\"page\">\n\t\t\t\t<div class=\"elementor-element elementor-element-29958c6a e-flex e-con-boxed elementor-invisible e-con e-parent\" data-id=\"29958c6a\" data-element_type=\"container\" data-e-type=\"container\" data-settings=\"{&quot;animation&quot;:&quot;fadeIn&quot;,&quot;background_background&quot;:&quot;classic&quot;}\">\n\t\t\t\t\t<div class=\"e-con-inner\">\n\t\t\t\t<div class=\"elementor-element elementor-element-18ea4761 elementor-widget__width-initial elementor-widget-mobile__width-inherit elementor-widget elementor-widget-image\" data-id=\"18ea4761\" data-element_type=\"widget\" data-e-type=\"widget\" data-widget_type=\"image.default\">\n\t\t\t\t\t\t\t\t\t\t\t\t\t\t\t<img fetchpriority=\"high\" decoding=\"async\" width=\"1707\" height=\"2560\" src=\"https:\/\/www.silviastaneva.com\/wp-content\/uploads\/2025\/03\/XCN02225-scaled.jpg\" class=\"attachment-full size-full wp-image-162\" alt=\"\" srcset=\"https:\/\/www.silviastaneva.com\/wp-content\/uploads\/2025\/03\/XCN02225-scaled.jpg 1707w, https:\/\/www.silviastaneva.com\/wp-content\/uploads\/2025\/03\/XCN02225-scaled-600x900.jpg 600w, https:\/\/www.silviastaneva.com\/wp-content\/uploads\/2025\/03\/XCN02225-200x300.jpg 200w, https:\/\/www.silviastaneva.com\/wp-content\/uploads\/2025\/03\/XCN02225-683x1024.jpg 683w, https:\/\/www.silviastaneva.com\/wp-content\/uploads\/2025\/03\/XCN02225-768x1152.jpg 768w, https:\/\/www.silviastaneva.com\/wp-content\/uploads\/2025\/03\/XCN02225-1024x1536.jpg 1024w, https:\/\/www.silviastaneva.com\/wp-content\/uploads\/2025\/03\/XCN02225-1365x2048.jpg 1365w\" sizes=\"(max-width: 1707px) 100vw, 1707px\" \/>\t\t\t\t\t\t\t\t\t\t\t\t\t\t\t<\/div>\n\t\t<div class=\"elementor-element elementor-element-6e47a6d7 e-con-full e-flex e-con e-child\" data-id=\"6e47a6d7\" data-element_type=\"container\" data-e-type=\"container\">\n\t\t<div class=\"elementor-element elementor-element-7b01c524 e-con-full e-flex e-con e-child\" data-id=\"7b01c524\" data-element_type=\"container\" data-e-type=\"container\">\n\t\t\t\t<div class=\"elementor-element elementor-element-620d42d elementor-widget__width-initial elementor-widget elementor-widget-heading\" data-id=\"620d42d\" data-element_type=\"widget\" data-e-type=\"widget\" data-widget_type=\"heading.default\">\n\t\t\t\t\t<h1 class=\"elementor-heading-title elementor-size-default\"><span style=\"font-size: 4rem;font-style: italic;text-align: center;background-color: var( --e-global-color-text )\">&nbsp;<\/span><span style=\"font-size: 4rem;text-align: center;background-color: var( --e-global-color-text )\"><b>SOBRE MI<\/b><\/span><\/h1>\t\t\t\t<\/div>\n\t\t\t\t<div class=\"elementor-element elementor-element-1de9f941 elementor-widget-mobile__width-inherit elementor-widget elementor-widget-text-editor\" data-id=\"1de9f941\" data-element_type=\"widget\" data-e-type=\"widget\" data-widget_type=\"text-editor.default\">\n\t\t\t\t\t\t\t\t\t<div class=\"elementor-element elementor-element-fbb3489 elementor-widget-mobile__width-inherit elementor-widget__width-initial elementor-widget elementor-widget-text-editor\" data-id=\"fbb3489\" data-element_type=\"widget\" data-widget_type=\"text-editor.default\"><p data-start=\"134\" data-end=\"413\">\u00a0<\/p><p data-start=\"134\" data-end=\"413\">Hola! Soy Silvia Steneva, estilista de moda con m\u00e1s de siete a\u00f1os de experiencia ayudando a mujeres a descubrir su\u00a0<strong>estilo personal<\/strong>\u00a0y a construir un armario que refleje su esencia. Creo que la moda va mucho m\u00e1s all\u00e1 de la ropa: es una herramienta de expresi\u00f3n y empoderamiento.<\/p><p data-start=\"415\" data-end=\"664\">Mi misi\u00f3n es\u00a0<strong>guiarte<\/strong>\u00a0en el proceso de definir o elevar tu estilo, ayud\u00e1ndote a sentirte segura, aut\u00e9ntica y radiante en cada ocasi\u00f3n. No se trata de seguir tendencias pasajeras, sino de encontrar lo que realmente te favorece y te hace sentir bien.<\/p><p data-start=\"415\" data-end=\"664\">Cada asesor\u00eda es una experiencia\u00a0<strong>personalizada<\/strong>, dise\u00f1ada para que te sientas c\u00f3moda y en control de tu imagen. Cuando alineas tu estilo con tu esencia, te vistes con intenci\u00f3n y transmites la mejor versi\u00f3n de ti misma.<\/p><p data-start=\"1173\" data-end=\"1282\"><em><strong data-start=\"1176\" data-end=\"1280\">Si est\u00e1s lista para descubrir el poder de tu estilo, estar\u00e9 encantada de acompa\u00f1arte en este camino.<\/strong><\/em><\/p><\/div>\t\t\t\t\t\t\t\t<\/div>\n\t\t\t\t<\/div>\n\t\t\t\t<\/div>\n\t\t\t\t\t<\/div>\n\t\t\t\t<\/div>\n\t\t<div class=\"elementor-element elementor-element-453353a8 e-flex e-con-boxed elementor-invisible e-con e-parent\" data-id=\"453353a8\" data-element_type=\"container\" data-e-type=\"container\" data-settings=\"{&quot;animation&quot;:&quot;fadeIn&quot;}\">\n\t\t\t\t\t<div class=\"e-con-inner\">\n\t\t\t\t<div class=\"elementor-element elementor-element-45b223c elementor-widget__width-initial elementor-widget elementor-widget-heading\" data-id=\"45b223c\" data-element_type=\"widget\" data-e-type=\"widget\" data-widget_type=\"heading.default\">\n\t\t\t\t\t<h2 class=\"elementor-heading-title elementor-size-default\">Mi Proceso: Una Experiencia Personalizada\n<\/h2>\t\t\t\t<\/div>\n\t\t<div class=\"elementor-element elementor-element-542152ac e-con-full e-flex e-con e-child\" data-id=\"542152ac\" data-element_type=\"container\" data-e-type=\"container\">\n\t\t\t\t<div class=\"elementor-element elementor-element-71277754 elementor-widget-mobile__width-inherit elementor-widget__width-initial elementor-widget elementor-widget-text-editor\" data-id=\"71277754\" data-element_type=\"widget\" data-e-type=\"widget\" data-widget_type=\"text-editor.default\">\n\t\t\t\t\t\t\t\t\t<p class=\"p1\">Cada transformaci\u00f3n de estilo es un viaje \u00fanico y dise\u00f1ado exclusivamente para ti. Mi enfoque se basa en la empat\u00eda, la cercan\u00eda, el detalle y el compromiso con tu esencia personal. A continuaci\u00f3n, te explico c\u00f3mo trabajaremos juntas para definir y elevar tu estilo:<\/p>\t\t\t\t\t\t\t\t<\/div>\n\t\t\t\t<\/div>\n\t\t<div class=\"elementor-element elementor-element-757a776 e-con-full e-flex e-con e-child\" data-id=\"757a776\" data-element_type=\"container\" data-e-type=\"container\">\n\t\t\t\t<div class=\"elementor-element elementor-element-b1e9711 elementor-widget elementor-widget-text-editor\" data-id=\"b1e9711\" data-element_type=\"widget\" data-e-type=\"widget\" data-widget_type=\"text-editor.default\">\n\t\t\t\t\t\t\t\t\t<p class=\"p1\">1.<b> Consulta Inicial (30 minutos)<\/b><\/p><p class=\"p2\">Comenzamos con una conversaci\u00f3n relajada y cercana de 30 minutos. Aqu\u00ed exploraremos:<\/p><ul class=\"ul1\"><li class=\"li2\">Tus objetivos personales de estilo.<\/li><li class=\"li2\">Tu imagen actual y las \u00e1reas que deseas mejorar.<\/li><\/ul><p class=\"p2\">Este primer encuentro es fundamental para comprender qui\u00e9n eres y sentar las bases de tu transformaci\u00f3n.<\/p><p class=\"p1\"><b>2. An\u00e1lisis y Curadur\u00eda de tu Guardarropa (2,5 horas)<\/b><\/p><p class=\"p2\">Juntas revisaremos tu armario de manera detallada para:<\/p><ul class=\"ul1\"><li class=\"li2\">Identificar las prendas que reflejan tu esencia.<\/li><li class=\"li2\">Seleccionar piezas que necesitan ajustes.<\/li><li class=\"li2\">Apartar lo que ya no representa tu estilo.<\/li><\/ul><p class=\"p2\">Te mostrar\u00e9 nuevas formas de combinar tus prendas, brind\u00e1ndote una perspectiva fresca y vers\u00e1til para aprovechar al m\u00e1ximo tu guardarropa.<\/p><p class=\"p1\"><b>3. Creaci\u00f3n de tu Perfil de Estilo Personal<\/b><\/p><p class=\"p2\">Con toda la informaci\u00f3n recopilada, elaboro un perfil exclusivo que se convertir\u00e1 en tu gu\u00eda de referencia. Este perfil incluye:<\/p><ul class=\"ul1\"><li class=\"li2\">Recomendaciones de ajustes en prendas (con notas claras para facilitar el proceso).<\/li><li class=\"li2\">Estrategias para optimizar y organizar tu armario.<\/li><li class=\"li2\">Palabras clave que definen tu estilo \u00fanico.<\/li><li class=\"li2\">Lista de piezas esenciales para complementar tu guardarropa.<\/li><li class=\"li2\">Sugerencias de marcas alineadas con tus necesidades.<\/li><li class=\"li2\">Consejos pr\u00e1cticos de estilismo para potenciar tu imagen.<\/li><\/ul><div>\u00a0<\/div><p class=\"p1\"><b>4. Entrega de tu Gu\u00eda Personalizada<\/b><\/p><p class=\"p2\">Recibir\u00e1s un documento pr\u00e1ctico y detallado que te acompa\u00f1ar\u00e1 en cada paso de tu evoluci\u00f3n de estilo. Esta gu\u00eda ser\u00e1 tu recurso esencial para:<\/p><ul class=\"ul1\"><li class=\"li2\">Inspirarte al crear looks diarios.<\/li><li class=\"li2\">Facilitar futuras compras.<\/li><li class=\"li2\">Mantener una imagen coherente y aut\u00e9ntica con el tiempo.<\/li><\/ul><p class=\"p2\">\u00a0<\/p>\t\t\t\t\t\t\t\t<\/div>\n\t\t\t\t<\/div>\n\t\t\t\t\t<\/div>\n\t\t\t\t<\/div>\n\t\t\t\t<\/div>\n\t\t","protected":false},"excerpt":{"rendered":"<p>&nbsp;SOBRE MI \u00a0 Hola! Soy Silvia Steneva, estilista de moda con m\u00e1s de siete a\u00f1os de experiencia ayudando a mujeres a descubrir su\u00a0estilo personal\u00a0y a construir un armario que refleje su esencia. Creo que la moda va mucho m\u00e1s all\u00e1 de la ropa: es una herramienta de expresi\u00f3n y empoderamiento. Mi misi\u00f3n es\u00a0guiarte\u00a0en el proceso [&hellip;]<\/p>\n","protected":false},"author":1,"featured_media":0,"parent":0,"menu_order":0,"comment_status":"closed","ping_status":"closed","template":"","meta":{"inline_featured_image":false,"footnotes":""},"class_list":["post-681","page","type-page","status-publish","hentry"],"yoast_head":"<!-- This site is optimized with the Yoast SEO plugin v27.3 - https:\/\/yoast.com\/product\/yoast-seo-wordpress\/ -->\n<title>About - Silvia Staneva<\/title>\n<meta name=\"robots\" content=\"index, follow, max-snippet:-1, max-image-preview:large, max-video-preview:-1\" \/>\n<link rel=\"canonical\" href=\"https:\/\/www.silviastaneva.com\/index.php\/about\/\" \/>\n<meta property=\"og:locale\" content=\"es_ES\" \/>\n<meta property=\"og:type\" content=\"article\" \/>\n<meta property=\"og:title\" content=\"About - Silvia Staneva\" \/>\n<meta property=\"og:description\" content=\"&nbsp;SOBRE MI \u00a0 Hola! Soy Silvia Steneva, estilista de moda con m\u00e1s de siete a\u00f1os de experiencia ayudando a mujeres a descubrir su\u00a0estilo personal\u00a0y a construir un armario que refleje su esencia. Creo que la moda va mucho m\u00e1s all\u00e1 de la ropa: es una herramienta de expresi\u00f3n y empoderamiento. Mi misi\u00f3n es\u00a0guiarte\u00a0en el proceso [&hellip;]\" \/>\n<meta property=\"og:url\" content=\"https:\/\/www.silviastaneva.com\/index.php\/about\/\" \/>\n<meta property=\"og:site_name\" content=\"Silvia Staneva\" \/>\n<meta property=\"article:modified_time\" content=\"2025-12-17T16:10:42+00:00\" \/>\n<meta property=\"og:image\" content=\"http:\/\/www.silviastaneva.com\/wp-content\/uploads\/2025\/03\/XCN02225-scaled.jpg\" \/>\n<meta name=\"twitter:card\" content=\"summary_large_image\" \/>\n<meta name=\"twitter:label1\" content=\"Tiempo de lectura\" \/>\n\t<meta name=\"twitter:data1\" content=\"3 minutos\" \/>\n<script type=\"application\/ld+json\" class=\"yoast-schema-graph\">{\"@context\":\"https:\\\/\\\/schema.org\",\"@graph\":[{\"@type\":\"WebPage\",\"@id\":\"https:\\\/\\\/www.silviastaneva.com\\\/index.php\\\/about\\\/\",\"url\":\"https:\\\/\\\/www.silviastaneva.com\\\/index.php\\\/about\\\/\",\"name\":\"About - Silvia Staneva\",\"isPartOf\":{\"@id\":\"http:\\\/\\\/www.silviastaneva.com\\\/#website\"},\"primaryImageOfPage\":{\"@id\":\"https:\\\/\\\/www.silviastaneva.com\\\/index.php\\\/about\\\/#primaryimage\"},\"image\":{\"@id\":\"https:\\\/\\\/www.silviastaneva.com\\\/index.php\\\/about\\\/#primaryimage\"},\"thumbnailUrl\":\"http:\\\/\\\/www.silviastaneva.com\\\/wp-content\\\/uploads\\\/2025\\\/03\\\/XCN02225-scaled.jpg\",\"datePublished\":\"2025-03-11T21:50:38+00:00\",\"dateModified\":\"2025-12-17T16:10:42+00:00\",\"breadcrumb\":{\"@id\":\"https:\\\/\\\/www.silviastaneva.com\\\/index.php\\\/about\\\/#breadcrumb\"},\"inLanguage\":\"es\",\"potentialAction\":[{\"@type\":\"ReadAction\",\"target\":[\"https:\\\/\\\/www.silviastaneva.com\\\/index.php\\\/about\\\/\"]}]},{\"@type\":\"ImageObject\",\"inLanguage\":\"es\",\"@id\":\"https:\\\/\\\/www.silviastaneva.com\\\/index.php\\\/about\\\/#primaryimage\",\"url\":\"https:\\\/\\\/www.silviastaneva.com\\\/wp-content\\\/uploads\\\/2025\\\/03\\\/XCN02225-scaled.jpg\",\"contentUrl\":\"https:\\\/\\\/www.silviastaneva.com\\\/wp-content\\\/uploads\\\/2025\\\/03\\\/XCN02225-scaled.jpg\",\"width\":1707,\"height\":2560},{\"@type\":\"BreadcrumbList\",\"@id\":\"https:\\\/\\\/www.silviastaneva.com\\\/index.php\\\/about\\\/#breadcrumb\",\"itemListElement\":[{\"@type\":\"ListItem\",\"position\":1,\"name\":\"Portada\",\"item\":\"http:\\\/\\\/www.silviastaneva.com\\\/\"},{\"@type\":\"ListItem\",\"position\":2,\"name\":\"About\"}]},{\"@type\":\"WebSite\",\"@id\":\"http:\\\/\\\/www.silviastaneva.com\\\/#website\",\"url\":\"http:\\\/\\\/www.silviastaneva.com\\\/\",\"name\":\"Silvia Staneva\",\"description\":\"S&oacute;lo otro sitio de WordPress\",\"potentialAction\":[{\"@type\":\"SearchAction\",\"target\":{\"@type\":\"EntryPoint\",\"urlTemplate\":\"http:\\\/\\\/www.silviastaneva.com\\\/?s={search_term_string}\"},\"query-input\":{\"@type\":\"PropertyValueSpecification\",\"valueRequired\":true,\"valueName\":\"search_term_string\"}}],\"inLanguage\":\"es\"}]}<\/script>\n<!-- \/ Yoast SEO plugin. -->","yoast_head_json":{"title":"About - Silvia Staneva","robots":{"index":"index","follow":"follow","max-snippet":"max-snippet:-1","max-image-preview":"max-image-preview:large","max-video-preview":"max-video-preview:-1"},"canonical":"https:\/\/www.silviastaneva.com\/index.php\/about\/","og_locale":"es_ES","og_type":"article","og_title":"About - Silvia Staneva","og_description":"&nbsp;SOBRE MI \u00a0 Hola! Soy Silvia Steneva, estilista de moda con m\u00e1s de siete a\u00f1os de experiencia ayudando a mujeres a descubrir su\u00a0estilo personal\u00a0y a construir un armario que refleje su esencia. Creo que la moda va mucho m\u00e1s all\u00e1 de la ropa: es una herramienta de expresi\u00f3n y empoderamiento. Mi misi\u00f3n es\u00a0guiarte\u00a0en el proceso [&hellip;]","og_url":"https:\/\/www.silviastaneva.com\/index.php\/about\/","og_site_name":"Silvia Staneva","article_modified_time":"2025-12-17T16:10:42+00:00","og_image":[{"url":"http:\/\/www.silviastaneva.com\/wp-content\/uploads\/2025\/03\/XCN02225-scaled.jpg","type":"","width":"","height":""}],"twitter_card":"summary_large_image","twitter_misc":{"Tiempo de lectura":"3 minutos"},"schema":{"@context":"https:\/\/schema.org","@graph":[{"@type":"WebPage","@id":"https:\/\/www.silviastaneva.com\/index.php\/about\/","url":"https:\/\/www.silviastaneva.com\/index.php\/about\/","name":"About - Silvia Staneva","isPartOf":{"@id":"http:\/\/www.silviastaneva.com\/#website"},"primaryImageOfPage":{"@id":"https:\/\/www.silviastaneva.com\/index.php\/about\/#primaryimage"},"image":{"@id":"https:\/\/www.silviastaneva.com\/index.php\/about\/#primaryimage"},"thumbnailUrl":"http:\/\/www.silviastaneva.com\/wp-content\/uploads\/2025\/03\/XCN02225-scaled.jpg","datePublished":"2025-03-11T21:50:38+00:00","dateModified":"2025-12-17T16:10:42+00:00","breadcrumb":{"@id":"https:\/\/www.silviastaneva.com\/index.php\/about\/#breadcrumb"},"inLanguage":"es","potentialAction":[{"@type":"ReadAction","target":["https:\/\/www.silviastaneva.com\/index.php\/about\/"]}]},{"@type":"ImageObject","inLanguage":"es","@id":"https:\/\/www.silviastaneva.com\/index.php\/about\/#primaryimage","url":"https:\/\/www.silviastaneva.com\/wp-content\/uploads\/2025\/03\/XCN02225-scaled.jpg","contentUrl":"https:\/\/www.silviastaneva.com\/wp-content\/uploads\/2025\/03\/XCN02225-scaled.jpg","width":1707,"height":2560},{"@type":"BreadcrumbList","@id":"https:\/\/www.silviastaneva.com\/index.php\/about\/#breadcrumb","itemListElement":[{"@type":"ListItem","position":1,"name":"Portada","item":"http:\/\/www.silviastaneva.com\/"},{"@type":"ListItem","position":2,"name":"About"}]},{"@type":"WebSite","@id":"http:\/\/www.silviastaneva.com\/#website","url":"http:\/\/www.silviastaneva.com\/","name":"Silvia Staneva","description":"S&oacute;lo otro sitio de WordPress","potentialAction":[{"@type":"SearchAction","target":{"@type":"EntryPoint","urlTemplate":"http:\/\/www.silviastaneva.com\/?s={search_term_string}"},"query-input":{"@type":"PropertyValueSpecification","valueRequired":true,"valueName":"search_term_string"}}],"inLanguage":"es"}]}},"_links":{"self":[{"href":"https:\/\/www.silviastaneva.com\/index.php\/wp-json\/wp\/v2\/pages\/681","targetHints":{"allow":["GET"]}}],"collection":[{"href":"https:\/\/www.silviastaneva.com\/index.php\/wp-json\/wp\/v2\/pages"}],"about":[{"href":"https:\/\/www.silviastaneva.com\/index.php\/wp-json\/wp\/v2\/types\/page"}],"author":[{"embeddable":true,"href":"https:\/\/www.silviastaneva.com\/index.php\/wp-json\/wp\/v2\/users\/1"}],"replies":[{"embeddable":true,"href":"https:\/\/www.silviastaneva.com\/index.php\/wp-json\/wp\/v2\/comments?post=681"}],"version-history":[{"count":29,"href":"https:\/\/www.silviastaneva.com\/index.php\/wp-json\/wp\/v2\/pages\/681\/revisions"}],"predecessor-version":[{"id":1343,"href":"https:\/\/www.silviastaneva.com\/index.php\/wp-json\/wp\/v2\/pages\/681\/revisions\/1343"}],"wp:attachment":[{"href":"https:\/\/www.silviastaneva.com\/index.php\/wp-json\/wp\/v2\/media?parent=681"}],"curies":[{"name":"wp","href":"https:\/\/api.w.org\/{rel}","templated":true}]}}