{"id":831,"date":"2025-03-11T21:54:48","date_gmt":"2025-03-11T21:54:48","guid":{"rendered":"https:\/\/www.silviastaneva.com\/index.php\/services-2\/"},"modified":"2025-12-17T15:50:29","modified_gmt":"2025-12-17T15:50:29","slug":"services-2","status":"publish","type":"page","link":"https:\/\/www.silviastaneva.com\/index.php\/services-2\/","title":{"rendered":"Services"},"content":{"rendered":"\t\t<div data-elementor-type=\"wp-page\" data-elementor-id=\"831\" class=\"elementor elementor-831\" data-elementor-post-type=\"page\">\n\t\t\t\t<div class=\"elementor-element elementor-element-3246561b e-con-full e-grid elementor-invisible e-con e-parent\" data-id=\"3246561b\" data-element_type=\"container\" data-e-type=\"container\" data-settings=\"{&quot;animation&quot;:&quot;fadeIn&quot;,&quot;background_background&quot;:&quot;classic&quot;}\">\n\t\t<div class=\"elementor-element elementor-element-4578a238 marquee marquee--left marquee--animate e-con-full e-flex e-con e-child\" data-id=\"4578a238\" data-element_type=\"container\" data-e-type=\"container\">\n\t\t\t\t<\/div>\n\t\t\t\t<\/div>\n\t\t<div class=\"elementor-element elementor-element-5f080b61 e-flex e-con-boxed elementor-invisible e-con e-parent\" data-id=\"5f080b61\" data-element_type=\"container\" data-e-type=\"container\" data-settings=\"{&quot;animation&quot;:&quot;fadeIn&quot;,&quot;background_background&quot;:&quot;classic&quot;}\">\n\t\t\t\t\t<div class=\"e-con-inner\">\n\t\t<div class=\"elementor-element elementor-element-51ec75ff e-flex e-con-boxed e-con e-child\" data-id=\"51ec75ff\" data-element_type=\"container\" data-e-type=\"container\">\n\t\t\t\t\t<div class=\"e-con-inner\">\n\t\t<div class=\"elementor-element elementor-element-e735cc7 e-con-full e-flex e-con e-child\" data-id=\"e735cc7\" data-element_type=\"container\" data-e-type=\"container\" data-settings=\"{&quot;background_background&quot;:&quot;classic&quot;}\">\n\t\t\t\t<div class=\"elementor-element elementor-element-57185741 elementor-widget-mobile__width-inherit elementor-widget elementor-widget-text-editor\" data-id=\"57185741\" data-element_type=\"widget\" data-e-type=\"widget\" data-widget_type=\"text-editor.default\">\n\t\t\t\t\t\t\t\t\t<p>Renovaci\u00f3n de Guardarropa<\/p>\t\t\t\t\t\t\t\t<\/div>\n\t\t\t\t<div class=\"elementor-element elementor-element-3ba9583a elementor-widget-mobile__width-inherit elementor-widget-tablet__width-inherit elementor-widget elementor-widget-text-editor\" data-id=\"3ba9583a\" data-element_type=\"widget\" data-e-type=\"widget\" data-widget_type=\"text-editor.default\">\n\t\t\t\t\t\t\t\t\t<p data-start=\"579\" data-end=\"891\"><strong data-start=\"579\" data-end=\"626\">Optimiza tu armario y redescubre tu estilo.<\/strong><br data-start=\"626\" data-end=\"629\" \/>Si sientes que tienes mucha ropa, pero \u00abnada que ponerte\u00bb, este servicio es para ti. A trav\u00e9s de un an\u00e1lisis personalizado, identificaremos qu\u00e9 prendas potencian tu imagen y cu\u00e1les necesitas incorporar para lograr un armario funcional y alineado con tu estilo.<\/p><p>-Revisi\u00f3n completa de tu guardarropa.<\/p><p>-Curadur\u00eda: qu\u00e9 conservar, modificar o retirar.<\/p><p>-Creaci\u00f3n de combinaciones elegantes y vers\u00e1tiles.<\/p><p>-Estrategias de organizaci\u00f3n para facilitar tu d\u00eda a d\u00eda.<\/p><p>-Gu\u00eda de estilo personalizada con recomendaciones clave.<\/p><p data-start=\"1166\" data-end=\"1278\"><em><strong data-start=\"1169\" data-end=\"1228\">Disponible en Madrid (presencial) o en formato virtual.<\/strong><\/em><\/p>\t\t\t\t\t\t\t\t<\/div>\n\t\t\t\t<div class=\"elementor-element elementor-element-7961c2b1 elementor-mobile-align-center elementor-align-center elementor-widget elementor-widget-button\" data-id=\"7961c2b1\" data-element_type=\"widget\" data-e-type=\"widget\" data-widget_type=\"button.default\">\n\t\t\t\t\t\t\t\t\t\t<a class=\"elementor-button elementor-button-link elementor-size-sm\" href=\"https:\/\/calendly.com\/hello-silviastaneva\/30min\">\n\t\t\t\t\t\t<span class=\"elementor-button-content-wrapper\">\n\t\t\t\t\t\t\t\t\t<span class=\"elementor-button-text\">Reserva aqu\u00ed<\/span>\n\t\t\t\t\t<\/span>\n\t\t\t\t\t<\/a>\n\t\t\t\t\t\t\t\t<\/div>\n\t\t\t\t<\/div>\n\t\t<div class=\"elementor-element elementor-element-343f3131 e-con-full e-flex e-con e-child\" data-id=\"343f3131\" data-element_type=\"container\" data-e-type=\"container\" data-settings=\"{&quot;background_background&quot;:&quot;classic&quot;}\">\n\t\t\t\t<\/div>\n\t\t\t\t\t<\/div>\n\t\t\t\t<\/div>\n\t\t<div class=\"elementor-element elementor-element-a6a21b0 e-con-full e-flex e-con e-child\" data-id=\"a6a21b0\" data-element_type=\"container\" data-e-type=\"container\">\n\t\t<div class=\"elementor-element elementor-element-7951175 e-con-full e-flex e-con e-child\" data-id=\"7951175\" data-element_type=\"container\" data-e-type=\"container\" data-settings=\"{&quot;background_background&quot;:&quot;classic&quot;}\">\n\t\t\t\t<\/div>\n\t\t<div class=\"elementor-element elementor-element-3926584 e-con-full e-flex e-con e-child\" data-id=\"3926584\" data-element_type=\"container\" data-e-type=\"container\" data-settings=\"{&quot;background_background&quot;:&quot;classic&quot;}\">\n\t\t\t\t<div class=\"elementor-element elementor-element-18a4c53 elementor-widget-mobile__width-inherit elementor-widget elementor-widget-text-editor\" data-id=\"18a4c53\" data-element_type=\"widget\" data-e-type=\"widget\" data-widget_type=\"text-editor.default\">\n\t\t\t\t\t\t\t\t\t<p>Asesor\u00eda de Compras Personalizadas<\/p>\t\t\t\t\t\t\t\t<\/div>\n\t\t\t\t<div class=\"elementor-element elementor-element-721afba elementor-widget-mobile__width-inherit elementor-widget-tablet__width-inherit elementor-widget elementor-widget-text-editor\" data-id=\"721afba\" data-element_type=\"widget\" data-e-type=\"widget\" data-widget_type=\"text-editor.default\">\n\t\t\t\t\t\t\t\t\t<p data-start=\"1335\" data-end=\"1602\"><strong data-start=\"1335\" data-end=\"1383\">Compra con intenci\u00f3n, invierte en tu estilo.<\/strong><br data-start=\"1383\" data-end=\"1386\" \/>Si necesitas renovar tu armario, encontrar piezas clave o mejorar tu imagen, te ayudo a seleccionar prendas que realmente funcionen para ti. Un proceso eficiente, estrat\u00e9gico y alineado con tu estilo y presupuesto.<\/p><p data-start=\"1604\" data-end=\"1825\">-Evaluaci\u00f3n de tus necesidades y objetivos de imagen.<br data-start=\"1659\" data-end=\"1662\" \/>-B\u00fasqueda y selecci\u00f3n de prendas esenciales.<br data-start=\"1708\" data-end=\"1711\" \/>-Portafolio digital con las mejores opciones para ti.<br data-start=\"1766\" data-end=\"1769\" \/>-Acompa\u00f1amiento en compras presenciales o virtuales.<\/p>\t\t\t\t\t\t\t\t<\/div>\n\t\t\t\t<div class=\"elementor-element elementor-element-053f52d elementor-mobile-align-center elementor-align-center elementor-widget elementor-widget-button\" data-id=\"053f52d\" data-element_type=\"widget\" data-e-type=\"widget\" data-widget_type=\"button.default\">\n\t\t\t\t\t\t\t\t\t\t<a class=\"elementor-button elementor-button-link elementor-size-sm\" href=\"https:\/\/calendly.com\/hello-silviastaneva\/30min\">\n\t\t\t\t\t\t<span class=\"elementor-button-content-wrapper\">\n\t\t\t\t\t\t\t\t\t<span class=\"elementor-button-text\">Reserva tu Asesor\u00eda de Compras<\/span>\n\t\t\t\t\t<\/span>\n\t\t\t\t\t<\/a>\n\t\t\t\t\t\t\t\t<\/div>\n\t\t\t\t<\/div>\n\t\t\t\t<\/div>\n\t\t<div class=\"elementor-element elementor-element-2c1453a e-con-full e-flex e-con e-child\" data-id=\"2c1453a\" data-element_type=\"container\" data-e-type=\"container\">\n\t\t<div class=\"elementor-element elementor-element-efa84e0 e-con-full e-flex e-con e-child\" data-id=\"efa84e0\" data-element_type=\"container\" data-e-type=\"container\" data-settings=\"{&quot;background_background&quot;:&quot;classic&quot;}\">\n\t\t\t\t<div class=\"elementor-element elementor-element-428a3ae elementor-widget-mobile__width-inherit elementor-widget elementor-widget-text-editor\" data-id=\"428a3ae\" data-element_type=\"widget\" data-e-type=\"widget\" data-widget_type=\"text-editor.default\">\n\t\t\t\t\t\t\t\t\t<p style=\"color: #262423;\">Sesi\u00f3n de Estilismo Personalizado<\/p>\t\t\t\t\t\t\t\t<\/div>\n\t\t\t\t<div class=\"elementor-element elementor-element-44ac03b elementor-widget-mobile__width-inherit elementor-widget-tablet__width-inherit elementor-widget elementor-widget-text-editor\" data-id=\"44ac03b\" data-element_type=\"widget\" data-e-type=\"widget\" data-widget_type=\"text-editor.default\">\n\t\t\t\t\t\t\t\t\t<p data-start=\"1924\" data-end=\"2136\"><span style=\"font-weight: bolder;\" data-start=\"1924\" data-end=\"1974\">Eleva tu imagen y brilla en cualquier ocasi\u00f3n.<\/span><br data-start=\"1974\" data-end=\"1977\" \/>Ya sea para un evento especial, una sesi\u00f3n de fotos o un cambio de imagen, crearemos looks exclusivos que reflejen tu personalidad con elegancia y confianza.<\/p><p data-start=\"2138\" data-end=\"2341\">-Creaci\u00f3n de conjuntos adaptados a tu estilo y ocasi\u00f3n<br data-start=\"2195\" data-end=\"2198\" \/>-Sesi\u00f3n privada para pruebas de looks<br data-start=\"2238\" data-end=\"2241\" \/>-\u00c1lbum digital con tus estilismos organizados<br data-start=\"2289\" data-end=\"2292\" \/>-Asesor\u00eda en complementos y detalles finales<\/p><p data-start=\"2343\" data-end=\"2451\"><em><span style=\"font-weight: bolder;\" data-start=\"2346\" data-end=\"2406\">Disponible para eventos, viajes y sesiones fotogr\u00e1ficas.<\/span><\/em><\/p>\t\t\t\t\t\t\t\t<\/div>\n\t\t\t\t<div class=\"elementor-element elementor-element-10df742 elementor-mobile-align-center elementor-align-center elementor-widget elementor-widget-button\" data-id=\"10df742\" data-element_type=\"widget\" data-e-type=\"widget\" data-widget_type=\"button.default\">\n\t\t\t\t\t\t\t\t\t\t<a class=\"elementor-button elementor-button-link elementor-size-sm\" href=\"https:\/\/calendly.com\/hello-silviastaneva\/30min\">\n\t\t\t\t\t\t<span class=\"elementor-button-content-wrapper\">\n\t\t\t\t\t\t\t\t\t<span class=\"elementor-button-text\">Solicita tu Sesi\u00f3n de Estilismo<\/span>\n\t\t\t\t\t<\/span>\n\t\t\t\t\t<\/a>\n\t\t\t\t\t\t\t\t<\/div>\n\t\t\t\t<\/div>\n\t\t<div class=\"elementor-element elementor-element-727e840 e-con-full e-flex e-con e-child\" data-id=\"727e840\" data-element_type=\"container\" data-e-type=\"container\" data-settings=\"{&quot;background_background&quot;:&quot;classic&quot;}\">\n\t\t\t\t<\/div>\n\t\t\t\t<\/div>\n\t\t<div class=\"elementor-element elementor-element-1da9af9 e-con-full e-flex e-con e-child\" data-id=\"1da9af9\" data-element_type=\"container\" data-e-type=\"container\">\n\t\t<div class=\"elementor-element elementor-element-db8d5ca e-con-full e-flex e-con e-child\" data-id=\"db8d5ca\" data-element_type=\"container\" data-e-type=\"container\" data-settings=\"{&quot;background_background&quot;:&quot;classic&quot;}\">\n\t\t\t\t<\/div>\n\t\t<div class=\"elementor-element elementor-element-4f4c74b e-con-full e-flex e-con e-child\" data-id=\"4f4c74b\" data-element_type=\"container\" data-e-type=\"container\" data-settings=\"{&quot;background_background&quot;:&quot;classic&quot;}\">\n\t\t\t\t<div class=\"elementor-element elementor-element-b508563 elementor-widget-mobile__width-inherit elementor-widget elementor-widget-text-editor\" data-id=\"b508563\" data-element_type=\"widget\" data-e-type=\"widget\" data-widget_type=\"text-editor.default\">\n\t\t\t\t\t\t\t\t\t<p style=\"color: #262423;\">D\u00eda de Compras en Madrid<\/p>\t\t\t\t\t\t\t\t<\/div>\n\t\t\t\t<div class=\"elementor-element elementor-element-91b05fe elementor-widget-mobile__width-inherit elementor-widget-tablet__width-inherit elementor-widget elementor-widget-text-editor\" data-id=\"91b05fe\" data-element_type=\"widget\" data-e-type=\"widget\" data-widget_type=\"text-editor.default\">\n\t\t\t\t\t\t\t\t\t<p data-start=\"2498\" data-end=\"2687\"><strong data-start=\"2498\" data-end=\"2550\">Una experiencia de compra exclusiva y eficiente.<\/strong><\/p><p data-start=\"2498\" data-end=\"2687\">Te acompa\u00f1o a las mejores tiendas y showrooms de Madrid, seleccionando piezas que se adapten a tu estilo, necesidades y presupuesto.<\/p><p data-start=\"2689\" data-end=\"2820\">-Ruta de compras personalizada.<br data-start=\"2722\" data-end=\"2725\" \/>-Selecci\u00f3n estrat\u00e9gica de prendas clave.<br data-start=\"2767\" data-end=\"2770\" \/>-Asesor\u00eda en tendencias y b\u00e1sicos atemporales.<\/p><p data-start=\"2822\" data-end=\"2917\"><em><strong data-start=\"2825\" data-end=\"2879\">Disponible en formato de medio d\u00eda o d\u00eda completo.<\/strong><\/em><\/p>\t\t\t\t\t\t\t\t<\/div>\n\t\t\t\t<div class=\"elementor-element elementor-element-c7a14bc elementor-mobile-align-center elementor-align-center elementor-widget elementor-widget-button\" data-id=\"c7a14bc\" data-element_type=\"widget\" data-e-type=\"widget\" data-widget_type=\"button.default\">\n\t\t\t\t\t\t\t\t\t\t<a class=\"elementor-button elementor-button-link elementor-size-sm\" href=\"\/contact\/\">\n\t\t\t\t\t\t<span class=\"elementor-button-content-wrapper\">\n\t\t\t\t\t\t\t\t\t<span class=\"elementor-button-text\">Solicita m\u00e1s informaci\u00f3n<\/span>\n\t\t\t\t\t<\/span>\n\t\t\t\t\t<\/a>\n\t\t\t\t\t\t\t\t<\/div>\n\t\t\t\t<\/div>\n\t\t\t\t<\/div>\n\t\t<div class=\"elementor-element elementor-element-67607d86 e-con-full e-flex e-con e-child\" data-id=\"67607d86\" data-element_type=\"container\" data-e-type=\"container\">\n\t\t\t\t<\/div>\n\t\t\t\t\t<\/div>\n\t\t\t\t<\/div>\n\t\t\t\t<\/div>\n\t\t","protected":false},"excerpt":{"rendered":"<p>Renovaci\u00f3n de Guardarropa Optimiza tu armario y redescubre tu estilo.Si sientes que tienes mucha ropa, pero \u00abnada que ponerte\u00bb, este servicio es para ti. A trav\u00e9s de un an\u00e1lisis personalizado, identificaremos qu\u00e9 prendas potencian tu imagen y cu\u00e1les necesitas incorporar para lograr un armario funcional y alineado con tu estilo. -Revisi\u00f3n completa de tu guardarropa. [&hellip;]<\/p>\n","protected":false},"author":1,"featured_media":0,"parent":0,"menu_order":0,"comment_status":"closed","ping_status":"closed","template":"","meta":{"inline_featured_image":false,"footnotes":""},"class_list":["post-831","page","type-page","status-publish","hentry"],"yoast_head":"<!-- This site is optimized with the Yoast SEO plugin v27.3 - https:\/\/yoast.com\/product\/yoast-seo-wordpress\/ -->\n<title>Services - Silvia Staneva<\/title>\n<meta name=\"robots\" content=\"index, follow, max-snippet:-1, max-image-preview:large, max-video-preview:-1\" \/>\n<link rel=\"canonical\" href=\"http:\/\/www.silviastaneva.com\/index.php\/services-2\/\" \/>\n<meta property=\"og:locale\" content=\"es_ES\" \/>\n<meta property=\"og:type\" content=\"article\" \/>\n<meta property=\"og:title\" content=\"Services - Silvia Staneva\" \/>\n<meta property=\"og:description\" content=\"Renovaci\u00f3n de Guardarropa Optimiza tu armario y redescubre tu estilo.Si sientes que tienes mucha ropa, pero \u00abnada que ponerte\u00bb, este servicio es para ti. A trav\u00e9s de un an\u00e1lisis personalizado, identificaremos qu\u00e9 prendas potencian tu imagen y cu\u00e1les necesitas incorporar para lograr un armario funcional y alineado con tu estilo. -Revisi\u00f3n completa de tu guardarropa. [&hellip;]\" \/>\n<meta property=\"og:url\" content=\"http:\/\/www.silviastaneva.com\/index.php\/services-2\/\" \/>\n<meta property=\"og:site_name\" content=\"Silvia Staneva\" \/>\n<meta property=\"article:modified_time\" content=\"2025-12-17T15:50:29+00:00\" \/>\n<meta name=\"twitter:card\" content=\"summary_large_image\" \/>\n<meta name=\"twitter:label1\" content=\"Tiempo de lectura\" \/>\n\t<meta name=\"twitter:data1\" content=\"2 minutos\" \/>\n<script type=\"application\/ld+json\" class=\"yoast-schema-graph\">{\"@context\":\"https:\\\/\\\/schema.org\",\"@graph\":[{\"@type\":\"WebPage\",\"@id\":\"http:\\\/\\\/www.silviastaneva.com\\\/index.php\\\/services-2\\\/\",\"url\":\"http:\\\/\\\/www.silviastaneva.com\\\/index.php\\\/services-2\\\/\",\"name\":\"Services - Silvia Staneva\",\"isPartOf\":{\"@id\":\"http:\\\/\\\/www.silviastaneva.com\\\/#website\"},\"datePublished\":\"2025-03-11T21:54:48+00:00\",\"dateModified\":\"2025-12-17T15:50:29+00:00\",\"breadcrumb\":{\"@id\":\"http:\\\/\\\/www.silviastaneva.com\\\/index.php\\\/services-2\\\/#breadcrumb\"},\"inLanguage\":\"es\",\"potentialAction\":[{\"@type\":\"ReadAction\",\"target\":[\"http:\\\/\\\/www.silviastaneva.com\\\/index.php\\\/services-2\\\/\"]}]},{\"@type\":\"BreadcrumbList\",\"@id\":\"http:\\\/\\\/www.silviastaneva.com\\\/index.php\\\/services-2\\\/#breadcrumb\",\"itemListElement\":[{\"@type\":\"ListItem\",\"position\":1,\"name\":\"Portada\",\"item\":\"http:\\\/\\\/www.silviastaneva.com\\\/\"},{\"@type\":\"ListItem\",\"position\":2,\"name\":\"Services\"}]},{\"@type\":\"WebSite\",\"@id\":\"http:\\\/\\\/www.silviastaneva.com\\\/#website\",\"url\":\"http:\\\/\\\/www.silviastaneva.com\\\/\",\"name\":\"Silvia Staneva\",\"description\":\"S&oacute;lo otro sitio de WordPress\",\"potentialAction\":[{\"@type\":\"SearchAction\",\"target\":{\"@type\":\"EntryPoint\",\"urlTemplate\":\"http:\\\/\\\/www.silviastaneva.com\\\/?s={search_term_string}\"},\"query-input\":{\"@type\":\"PropertyValueSpecification\",\"valueRequired\":true,\"valueName\":\"search_term_string\"}}],\"inLanguage\":\"es\"}]}<\/script>\n<!-- \/ Yoast SEO plugin. -->","yoast_head_json":{"title":"Services - Silvia Staneva","robots":{"index":"index","follow":"follow","max-snippet":"max-snippet:-1","max-image-preview":"max-image-preview:large","max-video-preview":"max-video-preview:-1"},"canonical":"http:\/\/www.silviastaneva.com\/index.php\/services-2\/","og_locale":"es_ES","og_type":"article","og_title":"Services - Silvia Staneva","og_description":"Renovaci\u00f3n de Guardarropa Optimiza tu armario y redescubre tu estilo.Si sientes que tienes mucha ropa, pero \u00abnada que ponerte\u00bb, este servicio es para ti. A trav\u00e9s de un an\u00e1lisis personalizado, identificaremos qu\u00e9 prendas potencian tu imagen y cu\u00e1les necesitas incorporar para lograr un armario funcional y alineado con tu estilo. -Revisi\u00f3n completa de tu guardarropa. [&hellip;]","og_url":"http:\/\/www.silviastaneva.com\/index.php\/services-2\/","og_site_name":"Silvia Staneva","article_modified_time":"2025-12-17T15:50:29+00:00","twitter_card":"summary_large_image","twitter_misc":{"Tiempo de lectura":"2 minutos"},"schema":{"@context":"https:\/\/schema.org","@graph":[{"@type":"WebPage","@id":"http:\/\/www.silviastaneva.com\/index.php\/services-2\/","url":"http:\/\/www.silviastaneva.com\/index.php\/services-2\/","name":"Services - Silvia Staneva","isPartOf":{"@id":"http:\/\/www.silviastaneva.com\/#website"},"datePublished":"2025-03-11T21:54:48+00:00","dateModified":"2025-12-17T15:50:29+00:00","breadcrumb":{"@id":"http:\/\/www.silviastaneva.com\/index.php\/services-2\/#breadcrumb"},"inLanguage":"es","potentialAction":[{"@type":"ReadAction","target":["http:\/\/www.silviastaneva.com\/index.php\/services-2\/"]}]},{"@type":"BreadcrumbList","@id":"http:\/\/www.silviastaneva.com\/index.php\/services-2\/#breadcrumb","itemListElement":[{"@type":"ListItem","position":1,"name":"Portada","item":"http:\/\/www.silviastaneva.com\/"},{"@type":"ListItem","position":2,"name":"Services"}]},{"@type":"WebSite","@id":"http:\/\/www.silviastaneva.com\/#website","url":"http:\/\/www.silviastaneva.com\/","name":"Silvia Staneva","description":"S&oacute;lo otro sitio de WordPress","potentialAction":[{"@type":"SearchAction","target":{"@type":"EntryPoint","urlTemplate":"http:\/\/www.silviastaneva.com\/?s={search_term_string}"},"query-input":{"@type":"PropertyValueSpecification","valueRequired":true,"valueName":"search_term_string"}}],"inLanguage":"es"}]}},"_links":{"self":[{"href":"https:\/\/www.silviastaneva.com\/index.php\/wp-json\/wp\/v2\/pages\/831","targetHints":{"allow":["GET"]}}],"collection":[{"href":"https:\/\/www.silviastaneva.com\/index.php\/wp-json\/wp\/v2\/pages"}],"about":[{"href":"https:\/\/www.silviastaneva.com\/index.php\/wp-json\/wp\/v2\/types\/page"}],"author":[{"embeddable":true,"href":"https:\/\/www.silviastaneva.com\/index.php\/wp-json\/wp\/v2\/users\/1"}],"replies":[{"embeddable":true,"href":"https:\/\/www.silviastaneva.com\/index.php\/wp-json\/wp\/v2\/comments?post=831"}],"version-history":[{"count":43,"href":"https:\/\/www.silviastaneva.com\/index.php\/wp-json\/wp\/v2\/pages\/831\/revisions"}],"predecessor-version":[{"id":1265,"href":"https:\/\/www.silviastaneva.com\/index.php\/wp-json\/wp\/v2\/pages\/831\/revisions\/1265"}],"wp:attachment":[{"href":"https:\/\/www.silviastaneva.com\/index.php\/wp-json\/wp\/v2\/media?parent=831"}],"curies":[{"name":"wp","href":"https:\/\/api.w.org\/{rel}","templated":true}]}}